{"id":84,"date":"2024-10-06T17:37:13","date_gmt":"2024-10-06T15:37:13","guid":{"rendered":"http:\/\/microblic.pl\/?page_id=84"},"modified":"2024-10-06T17:37:13","modified_gmt":"2024-10-06T15:37:13","slug":"sial-paryz-2024","status":"publish","type":"page","link":"http:\/\/microblic.pl\/?page_id=84","title":{"rendered":"SIAL Pary\u017c 2024"},"content":{"rendered":"\n<p>Wyjazd przedstawicieli sp\u00f3\u0142ki Microblic, realizowany jest w ramach projektu \u201eMarketing Gospodarczy Wojew\u00f3dztwa Lubelskiego III\u201d. Projekt wsp\u00f3\u0142finansowany jest ze \u015brodk\u00f3w Europejskiego Funduszu Rozwoju Regionalnego w ramach Programu Fundusze Europejskie dla Lubelskiego 2021-2027, Priorytetu II Transformacja gospodarcza i cyfrowa regionu, Dzia\u0142ania 2.7 Lubelskie M\u015aP na rynkach zagranicznych, realizowanego przez Wojew\u00f3dztwo Lubelskie, dzia\u0142aj\u0105ce jako Beneficjent Projektu<\/p>\n\n\n\n<p>Celem udzia\u0142u przedsi\u0119biorc\u00f3w w\u00a0Wyje\u017adzie jest wzmocnienie potencja\u0142u eksportowego firm z\u00a0sektora M\u015aP z wojew\u00f3dztwa lubelskiego oraz ekspansja M\u015aP na rynki zagraniczne, w tym wzrost ich potencja\u0142u eksportowego i\u00a0rozpoznawalno\u015bci w oparciu o zdiagnozowane kluczowe sektory stanowi\u0105ce o\u00a0konkurencyjno\u015bci regionu, a\u00a0tak\u017ce nawi\u0105zanie nowych kontakt\u00f3w biznesowych przez M\u015aP z regionu oraz zdobycie nowych rynk\u00f3w zbytu i kana\u0142\u00f3w dystrybucji.<\/p>\n\n\n\n<p>Wydarzenie targowo &#8211; wystawiennicze pn. <strong>Mi\u0119dzynarodowe Targi Sial 2024 w Pary\u017cu (Francja))<\/strong><\/p>\n\n\n\n<figure class=\"wp-block-image size-full is-resized\"><img loading=\"lazy\" decoding=\"async\" width=\"605\" height=\"64\" src=\"http:\/\/microblic.pl\/wp-content\/uploads\/2024\/10\/obraz.png\" alt=\"\" class=\"wp-image-85\" style=\"width:826px;height:auto\" srcset=\"http:\/\/microblic.pl\/wp-content\/uploads\/2024\/10\/obraz.png 605w, http:\/\/microblic.pl\/wp-content\/uploads\/2024\/10\/obraz-300x32.png 300w\" sizes=\"auto, (max-width: 605px) 100vw, 605px\" \/><\/figure>\n\n\n\n<p><\/p>\n\n\n","protected":false},"excerpt":{"rendered":"<p>Wyjazd przedstawicieli sp\u00f3\u0142ki Microblic, realizowany jest w ramach projektu \u201eMarketing Gospodarczy Wojew\u00f3dztwa Lubelskiego III\u201d. Projekt wsp\u00f3\u0142finansowany jest ze \u015brodk\u00f3w Europejskiego Funduszu Rozwoju Regionalnego w ramach Programu Fundusze Europejskie dla Lubelskiego 2021-2027, Priorytetu II Transformacja gospodarcza i cyfrowa regionu, Dzia\u0142ania 2.7 Lubelskie M\u015aP na rynkach zagranicznych, realizowanego przez Wojew\u00f3dztwo Lubelskie, dzia\u0142aj\u0105ce jako Beneficjent Projektu Celem udzia\u0142u [&hellip;]<\/p>\n","protected":false},"author":1,"featured_media":0,"parent":0,"menu_order":0,"comment_status":"closed","ping_status":"closed","template":"","meta":{"footnotes":""},"class_list":["post-84","page","type-page","status-publish","hentry"],"_links":{"self":[{"href":"http:\/\/microblic.pl\/index.php?rest_route=\/wp\/v2\/pages\/84","targetHints":{"allow":["GET"]}}],"collection":[{"href":"http:\/\/microblic.pl\/index.php?rest_route=\/wp\/v2\/pages"}],"about":[{"href":"http:\/\/microblic.pl\/index.php?rest_route=\/wp\/v2\/types\/page"}],"author":[{"embeddable":true,"href":"http:\/\/microblic.pl\/index.php?rest_route=\/wp\/v2\/users\/1"}],"replies":[{"embeddable":true,"href":"http:\/\/microblic.pl\/index.php?rest_route=%2Fwp%2Fv2%2Fcomments&post=84"}],"version-history":[{"count":1,"href":"http:\/\/microblic.pl\/index.php?rest_route=\/wp\/v2\/pages\/84\/revisions"}],"predecessor-version":[{"id":86,"href":"http:\/\/microblic.pl\/index.php?rest_route=\/wp\/v2\/pages\/84\/revisions\/86"}],"wp:attachment":[{"href":"http:\/\/microblic.pl\/index.php?rest_route=%2Fwp%2Fv2%2Fmedia&parent=84"}],"curies":[{"name":"wp","href":"https:\/\/api.w.org\/{rel}","templated":true}]}}